{"id":1259,"date":"2022-03-05T09:38:18","date_gmt":"2022-03-05T09:38:18","guid":{"rendered":"https:\/\/www.sportico.rs\/?page_id=1259"},"modified":"2022-03-05T09:38:19","modified_gmt":"2022-03-05T09:38:19","slug":"obrazac-za-odustanak-od-ugovora","status":"publish","type":"page","link":"https:\/\/www.sportico.rs\/index.php\/obrazac-za-odustanak-od-ugovora\/","title":{"rendered":"Obrazac za odustanak od ugovora"},"content":{"rendered":"\n\n\n\n<meta http-equiv=\"Content-Type\" content=\"text\/html; charset=windows-1250\">\n<meta name=\"Generator\" content=\"Microsoft Word 15 (filtered)\">\n<style>\n<!--\n \/* Font Definitions *\/\n @font-face\n\t{font-family:\"Cambria Math\";\n\tpanose-1:2 4 5 3 5 4 6 3 2 4;}\n@font-face\n\t{font-family:Calibri;\n\tpanose-1:2 15 5 2 2 2 4 3 2 4;}\n \/* Style Definitions *\/\n p.MsoNormal, li.MsoNormal, div.MsoNormal\n\t{margin:0cm;\n\tmargin-bottom:.0001pt;\n\tfont-size:12.0pt;\n\tfont-family:\"Arial\",\"sans-serif\";}\n.MsoChpDefault\n\t{font-family:\"Calibri\",\"sans-serif\";}\n.MsoPapDefault\n\t{margin-bottom:8.0pt;\n\tline-height:107%;}\n@page WordSection1\n\t{size:595.3pt 841.9pt;\n\tmargin:70.85pt 70.85pt 70.85pt 70.85pt;}\ndiv.WordSection1\n\t{page:WordSection1;}\n-->\n<\/style>\n\n\n\n\n\n<div class=\"WordSection1\">\n\n<p class=\"MsoNormal\" align=\"center\" style=\"margin-left:36.0pt;text-align:center\"><b><span lang=\"PL\" style=\"font-size:16.0pt;font-family:&quot;Calibri&quot;,&quot;sans-serif&quot;;color:black\">IZJAVA\nO ODUSTANKU OD UGOVORA ZAKLJU\u010cENOG NA DALJINU<\/span><\/b><\/p>\n\n<p class=\"MsoNormal\" align=\"center\" style=\"margin-left:36.0pt;text-align:center\"><b><span lang=\"PL\" style=\"font-family:&quot;Calibri&quot;,&quot;sans-serif&quot;;color:black\">&nbsp;<\/span><\/b><\/p>\n\n<p class=\"MsoNormal\" style=\"margin-left:36.0pt\"><span lang=\"PL\" style=\"font-family:\n&quot;Calibri&quot;,&quot;sans-serif&quot;;color:black\">U skladu sa Zakonom o za\u0161titi potro\u0161a\u010da\nobave\u0161tavam Vas da odustajem od ugovora o kupoprodaji zaklju\u010denog na daljinu,\nodnosno izvan poslovnih prostorija. <\/span><\/p>\n\n<p class=\"MsoNormal\" style=\"margin-left:36.0pt\"><span lang=\"PL\" style=\"font-family:\n&quot;Calibri&quot;,&quot;sans-serif&quot;;color:black\">&nbsp;<\/span><\/p>\n\n<p class=\"MsoNormal\" style=\"margin-left:36.0pt\"><b><span lang=\"EN-US\" style=\"font-size:14.0pt;font-family:&quot;Calibri&quot;,&quot;sans-serif&quot;;color:black\">Podaci\no prodavcu: <\/span><\/b><\/p>\n\n<p class=\"MsoNormal\" style=\"margin-left:36.0pt\"><span lang=\"PT-BR\" style=\"font-family:&quot;Calibri&quot;,&quot;sans-serif&quot;;color:black\">InfoMedica d.o.o.<\/span><\/p>\n\n<p class=\"MsoNormal\" style=\"margin-left:36.0pt\"><span lang=\"PT-BR\" style=\"font-family:&quot;Calibri&quot;,&quot;sans-serif&quot;;color:black\">Paunova 57<\/span><\/p>\n\n<p class=\"MsoNormal\" style=\"margin-left:36.0pt\"><span lang=\"PT-BR\" style=\"font-family:&quot;Calibri&quot;,&quot;sans-serif&quot;;color:black\">11000 Beograd, Srbija<\/span><\/p>\n\n<p class=\"MsoNormal\" style=\"margin-left:36.0pt\"><span lang=\"PT-BR\" style=\"font-family:&quot;Calibri&quot;,&quot;sans-serif&quot;;color:black\">imedis@sbb.rs <\/span><\/p>\n\n<p class=\"MsoNormal\" style=\"margin-left:36.0pt\"><span lang=\"PT-BR\" style=\"font-family:&quot;Calibri&quot;,&quot;sans-serif&quot;;color:black\">&nbsp;<\/span><\/p>\n\n<p class=\"MsoNormal\" style=\"margin-left:36.0pt\"><b><span lang=\"PL\" style=\"font-size:14.0pt;font-family:&quot;Calibri&quot;,&quot;sans-serif&quot;;color:black\">Podaci\no kupcu:<\/span><\/b><\/p>\n\n<p class=\"MsoNormal\" style=\"margin-left:36.0pt\"><span lang=\"PL\" style=\"font-family:\n&quot;Calibri&quot;,&quot;sans-serif&quot;;color:black\">(popunjava kupac, svi podaci su obavezni)<\/span><\/p>\n\n<p class=\"MsoNormal\" style=\"margin-left:36.0pt\"><span lang=\"PL\" style=\"font-family:\n&quot;Calibri&quot;,&quot;sans-serif&quot;;color:black\">&nbsp;<\/span><\/p>\n\n<table class=\"TableGrid\" border=\"0\" cellspacing=\"0\" cellpadding=\"0\" width=\"737\" style=\"width:552.4pt;margin-left:36.25pt;border-collapse:collapse\">\n <tbody><tr style=\"height:19.3pt\">\n  <td width=\"332\" style=\"width:249.1pt;border:solid #000001 1.0pt;padding:0cm 27.85pt 0cm .25pt;\n  height:19.3pt\">\n  <p class=\"MsoNormal\"><b><span lang=\"PL\" style=\"font-family:&quot;Calibri&quot;,&quot;sans-serif&quot;;\n  color:black\">BROJ UGOVORA O PRODAJI NA DALJINU: <\/span><\/b><\/p>\n  <\/td>\n  <td width=\"404\" style=\"width:303.3pt;border:solid #000001 1.0pt;border-left:\n  none;padding:0cm 27.85pt 0cm .25pt;height:19.3pt\">\n  <p class=\"MsoNormal\"><span lang=\"PL\" style=\"font-size:24.0pt;font-family:&quot;Calibri&quot;,&quot;sans-serif&quot;;\n  color:black\">&nbsp;<\/span><\/p>\n  <\/td>\n <\/tr>\n <tr style=\"height:19.1pt\">\n  <td width=\"332\" style=\"width:249.1pt;border:solid #000001 1.0pt;border-top:\n  none;padding:0cm 27.85pt 0cm .25pt;height:19.1pt\">\n  <p class=\"MsoNormal\"><b><span lang=\"PL\" style=\"font-family:&quot;Calibri&quot;,&quot;sans-serif&quot;;\n  color:black\">IME I PREZIME: <\/span><\/b><\/p>\n  <\/td>\n  <td width=\"404\" style=\"width:303.3pt;border-top:none;border-left:none;\n  border-bottom:solid #000001 1.0pt;border-right:solid #000001 1.0pt;\n  padding:0cm 27.85pt 0cm .25pt;height:19.1pt\">\n  <p class=\"MsoNormal\"><span lang=\"PL\" style=\"font-size:24.0pt;font-family:&quot;Calibri&quot;,&quot;sans-serif&quot;;\n  color:black\">&nbsp;<\/span><\/p>\n  <\/td>\n <\/tr>\n <tr style=\"height:19.1pt\">\n  <td width=\"332\" style=\"width:249.1pt;border:solid #000001 1.0pt;border-top:\n  none;padding:0cm 27.85pt 0cm .25pt;height:19.1pt\">\n  <p class=\"MsoNormal\"><b><span lang=\"PL\" style=\"font-family:&quot;Calibri&quot;,&quot;sans-serif&quot;;\n  color:black\">ADRESA: <\/span><\/b><\/p>\n  <\/td>\n  <td width=\"404\" style=\"width:303.3pt;border-top:none;border-left:none;\n  border-bottom:solid #000001 1.0pt;border-right:solid #000001 1.0pt;\n  padding:0cm 27.85pt 0cm .25pt;height:19.1pt\">\n  <p class=\"MsoNormal\"><span lang=\"PL\" style=\"font-size:24.0pt;font-family:&quot;Calibri&quot;,&quot;sans-serif&quot;;\n  color:black\">&nbsp;<\/span><\/p>\n  <\/td>\n <\/tr>\n <tr style=\"height:18.85pt\">\n  <td width=\"332\" style=\"width:249.1pt;border:solid #000001 1.0pt;border-top:\n  none;padding:0cm 27.85pt 0cm .25pt;height:18.85pt\">\n  <p class=\"MsoNormal\"><b><span lang=\"PL\" style=\"font-family:&quot;Calibri&quot;,&quot;sans-serif&quot;;\n  color:black\">KONTAKT TELEFON I E-MAIL ADRESA: <\/span><\/b><\/p>\n  <\/td>\n  <td width=\"404\" style=\"width:303.3pt;border-top:none;border-left:none;\n  border-bottom:solid #000001 1.0pt;border-right:solid #000001 1.0pt;\n  padding:0cm 27.85pt 0cm .25pt;height:18.85pt\">\n  <p class=\"MsoNormal\"><span lang=\"PL\" style=\"font-size:24.0pt;font-family:&quot;Calibri&quot;,&quot;sans-serif&quot;;\n  color:black\">&nbsp;<\/span><\/p>\n  <\/td>\n <\/tr>\n <tr style=\"height:19.1pt\">\n  <td width=\"332\" style=\"width:249.1pt;border:solid #000001 1.0pt;border-top:\n  none;padding:0cm 27.85pt 0cm .25pt;height:19.1pt\">\n  <p class=\"MsoNormal\"><b><span lang=\"EN-US\" style=\"font-family:&quot;Calibri&quot;,&quot;sans-serif&quot;;\n  color:black\">DATUM ZAKLJU\u010cENJA UGOVORA: <\/span><\/b><\/p>\n  <\/td>\n  <td width=\"404\" style=\"width:303.3pt;border-top:none;border-left:none;\n  border-bottom:solid #000001 1.0pt;border-right:solid #000001 1.0pt;\n  padding:0cm 27.85pt 0cm .25pt;height:19.1pt\">\n  <p class=\"MsoNormal\"><span lang=\"EN-US\" style=\"font-size:24.0pt;font-family:&quot;Calibri&quot;,&quot;sans-serif&quot;;\n  color:black\">&nbsp;<\/span><\/p>\n  <\/td>\n <\/tr>\n <tr style=\"height:22.8pt\">\n  <td width=\"332\" style=\"width:249.1pt;border:solid #000001 1.0pt;border-top:\n  none;padding:0cm 27.85pt 0cm .25pt;height:22.8pt\">\n  <p class=\"MsoNormal\"><b><span lang=\"PL\" style=\"font-family:&quot;Calibri&quot;,&quot;sans-serif&quot;;\n  color:black\">BROJ TEKU\u0106EG RA\u010cUNA I BANKA: <\/span><\/b><\/p>\n  <\/td>\n  <td width=\"404\" style=\"width:303.3pt;border-top:none;border-left:none;\n  border-bottom:solid #000001 1.0pt;border-right:solid #000001 1.0pt;\n  padding:0cm 27.85pt 0cm .25pt;height:22.8pt\">\n  <p class=\"MsoNormal\"><span lang=\"PL\" style=\"font-size:24.0pt;font-family:&quot;Calibri&quot;,&quot;sans-serif&quot;;\n  color:black\">&nbsp;<\/span><\/p>\n  <\/td>\n <\/tr>\n <tr style=\"height:22.3pt\">\n  <td width=\"332\" style=\"width:249.1pt;border:solid #000001 1.0pt;border-top:\n  none;padding:0cm 27.85pt 0cm .25pt;height:22.3pt\">\n  <p class=\"MsoNormal\"><b><span lang=\"EN-US\" style=\"font-family:&quot;Calibri&quot;,&quot;sans-serif&quot;;\n  color:black\">DATUM POPUNJAVANJA OBRASCA: <\/span><\/b><\/p>\n  <\/td>\n  <td width=\"404\" style=\"width:303.3pt;border-top:none;border-left:none;\n  border-bottom:solid #000001 1.0pt;border-right:solid #000001 1.0pt;\n  padding:0cm 27.85pt 0cm .25pt;height:22.3pt\">\n  <p class=\"MsoNormal\"><span lang=\"EN-US\" style=\"font-size:24.0pt;font-family:&quot;Calibri&quot;,&quot;sans-serif&quot;;\n  color:black\">&nbsp;<\/span><\/p>\n  <\/td>\n <\/tr>\n <tr style=\"height:28.8pt\">\n  <td width=\"332\" style=\"width:249.1pt;border:solid #000001 1.0pt;border-top:\n  none;padding:0cm 27.85pt 0cm .25pt;height:28.8pt\">\n  <p class=\"MsoNormal\"><b><span lang=\"PT-BR\" style=\"font-family:&quot;Calibri&quot;,&quot;sans-serif&quot;;\n  color:black\">RAZLOZI RASKIDA UGOVORA :<\/span><\/b><\/p>\n  <p class=\"MsoNormal\"><span lang=\"PT-BR\" style=\"font-family:&quot;Calibri&quot;,&quot;sans-serif&quot;;\n  color:black\">(kupac mo\u017ee, ali ne mora da navede razloge)<\/span><\/p>\n  <\/td>\n  <td width=\"404\" style=\"width:303.3pt;border-top:none;border-left:none;\n  border-bottom:solid #000001 1.0pt;border-right:solid #000001 1.0pt;\n  padding:0cm 27.85pt 0cm .25pt;height:28.8pt\">\n  <p class=\"MsoNormal\"><span lang=\"PT-BR\" style=\"font-size:24.0pt;font-family:&quot;Calibri&quot;,&quot;sans-serif&quot;;\n  color:black\">&nbsp;<\/span><\/p>\n  <\/td>\n <\/tr>\n<\/tbody><\/table>\n\n<p class=\"MsoNormal\" style=\"margin-left:36.0pt\"><span lang=\"PT-BR\" style=\"font-family:&quot;Calibri&quot;,&quot;sans-serif&quot;;color:black\">&nbsp;<\/span><\/p>\n\n<p class=\"MsoNormal\" style=\"margin-top:0cm;margin-right:45.95pt;margin-bottom:\n0cm;margin-left:36.0pt;margin-bottom:.0001pt\"><i><span lang=\"PL\" style=\"font-size:10.0pt;font-family:&quot;Calibri&quot;,&quot;sans-serif&quot;;color:black\">U\nskladu sa \u010dlanom 28. Zakona o za\u0161titi potro\u0161a\u010da, potro\u0161a\u010d ima pravo da odustane\nod ugovora zaklju\u010denog na daljinu, odnosno izvan poslovnih prostorija u roku od\n14 dana od dana kada je roba dospela u dr\u017eavinu potro\u0161a\u010da i&nbsp; od&nbsp; dana&nbsp; kad&nbsp; mu&nbsp;\nje&nbsp; dostavljen&nbsp; obrazac&nbsp; za&nbsp; odustanak.&nbsp; InfoMedica daje pravo svojim\npotro\u0161a\u010dima da odustanu od ugovora zaklju\u010denog na daljinu u roku od 15 dana od\ndana kada je roba dospela u&nbsp;&nbsp; dr\u017eavinu potro\u0161a\u010da i od dana kada je dostavljen\nobrazac za odustanak. <\/span><\/i><\/p>\n\n<p class=\"MsoNormal\" style=\"margin-top:0cm;margin-right:45.95pt;margin-bottom:\n0cm;margin-left:36.0pt;margin-bottom:.0001pt\"><i><span lang=\"PL\" style=\"font-size:10.0pt;font-family:&quot;Calibri&quot;,&quot;sans-serif&quot;;color:black\">&nbsp;<\/span><\/i><\/p>\n\n<p class=\"MsoNormal\" style=\"margin-left:36.0pt;background:white\"><i><span lang=\"PL\" style=\"font-size:10.0pt;font-family:&quot;Calibri&quot;,&quot;sans-serif&quot;;color:black\">U\nskladu sa<\/span><\/i><i><span lang=\"EN-US\" style=\"font-size:10.0pt;font-family:\n&quot;Calibri&quot;,&quot;sans-serif&quot;;color:black\"> \u010dlanom 34. Zakona o za\u0161titi poto\u0161a\u010da, <\/span><\/i><i><span lang=\"PL\" style=\"font-size:10.0pt;font-family:&quot;Calibri&quot;,&quot;sans-serif&quot;;color:black\">kada\npotro<\/span><\/i><i><span lang=\"EN-US\" style=\"font-size:10.0pt;font-family:&quot;Calibri&quot;,&quot;sans-serif&quot;;\ncolor:black\">\u0161<\/span><\/i><i><span lang=\"PL\" style=\"font-size:10.0pt;font-family:\n&quot;Calibri&quot;,&quot;sans-serif&quot;;color:black\">a<\/span><\/i><i><span lang=\"EN-US\" style=\"font-size:10.0pt;font-family:&quot;Calibri&quot;,&quot;sans-serif&quot;;color:black\">\u010d <\/span><\/i><i><span lang=\"PL\" style=\"font-size:10.0pt;font-family:&quot;Calibri&quot;,&quot;sans-serif&quot;;color:black\">ostvaruje\npravo na odustanak od ugovora nakon<\/span><\/i><i><span lang=\"EN-US\" style=\"font-size:10.0pt;font-family:&quot;Calibri&quot;,&quot;sans-serif&quot;;color:black\"> \u0161<\/span><\/i><i><span lang=\"PL\" style=\"font-size:10.0pt;font-family:&quot;Calibri&quot;,&quot;sans-serif&quot;;color:black\">to\nje dostavio zahtev u skladu sa<\/span><\/i><i><span lang=\"EN-US\" style=\"font-size:\n10.0pt;font-family:&quot;Calibri&quot;,&quot;sans-serif&quot;;color:black\"> \u010d<\/span><\/i><i><span lang=\"PL\" style=\"font-size:10.0pt;font-family:&quot;Calibri&quot;,&quot;sans-serif&quot;;color:black\">lanom<\/span><\/i><i><span lang=\"EN-US\" style=\"font-size:10.0pt;font-family:&quot;Calibri&quot;,&quot;sans-serif&quot;;\ncolor:black\"> 29. <\/span><\/i><i><span lang=\"PL\" style=\"font-size:10.0pt;\nfont-family:&quot;Calibri&quot;,&quot;sans-serif&quot;;color:black\">stav<\/span><\/i><i><span lang=\"EN-US\" style=\"font-size:10.0pt;font-family:&quot;Calibri&quot;,&quot;sans-serif&quot;;\ncolor:black\"> 4. <\/span><\/i><i><span lang=\"PL\" style=\"font-size:10.0pt;\nfont-family:&quot;Calibri&quot;,&quot;sans-serif&quot;;color:black\">ili<\/span><\/i><i><span lang=\"EN-US\" style=\"font-size:10.0pt;font-family:&quot;Calibri&quot;,&quot;sans-serif&quot;;\ncolor:black\"> \u010d<\/span><\/i><i><span lang=\"PL\" style=\"font-size:10.0pt;font-family:\n&quot;Calibri&quot;,&quot;sans-serif&quot;;color:black\">lanom<\/span><\/i><i><span lang=\"EN-US\" style=\"font-size:10.0pt;font-family:&quot;Calibri&quot;,&quot;sans-serif&quot;;color:black\"> 30. <\/span><\/i><i><span lang=\"PL\" style=\"font-size:10.0pt;font-family:&quot;Calibri&quot;,&quot;sans-serif&quot;;color:black\">stav<\/span><\/i><i><span lang=\"EN-US\" style=\"font-size:10.0pt;font-family:&quot;Calibri&quot;,&quot;sans-serif&quot;;\ncolor:black\"> 8. <\/span><\/i><i><span lang=\"PL\" style=\"font-size:10.0pt;\nfont-family:&quot;Calibri&quot;,&quot;sans-serif&quot;;color:black\">ovog zakona<\/span><\/i><i><span lang=\"EN-US\" style=\"font-size:10.0pt;font-family:&quot;Calibri&quot;,&quot;sans-serif&quot;;\ncolor:black\">, <\/span><\/i><i><span lang=\"PL\" style=\"font-size:10.0pt;font-family:\n&quot;Calibri&quot;,&quot;sans-serif&quot;;color:black\">du<\/span><\/i><i><span lang=\"EN-US\" style=\"font-size:10.0pt;font-family:&quot;Calibri&quot;,&quot;sans-serif&quot;;color:black\">\u017e<\/span><\/i><i><span lang=\"PL\" style=\"font-size:10.0pt;font-family:&quot;Calibri&quot;,&quot;sans-serif&quot;;color:black\">an\nje da plati trgovcu iznos koji je srazmeran sa izvr<\/span><\/i><i><span lang=\"EN-US\" style=\"font-size:10.0pt;font-family:&quot;Calibri&quot;,&quot;sans-serif&quot;;\ncolor:black\">\u0161<\/span><\/i><i><span lang=\"PL\" style=\"font-size:10.0pt;font-family:\n&quot;Calibri&quot;,&quot;sans-serif&quot;;color:black\">enim uslugama do momenta kada je potro<\/span><\/i><i><span lang=\"EN-US\" style=\"font-size:10.0pt;font-family:&quot;Calibri&quot;,&quot;sans-serif&quot;;\ncolor:black\">\u0161<\/span><\/i><i><span lang=\"PL\" style=\"font-size:10.0pt;font-family:\n&quot;Calibri&quot;,&quot;sans-serif&quot;;color:black\">a<\/span><\/i><i><span lang=\"EN-US\" style=\"font-size:10.0pt;font-family:&quot;Calibri&quot;,&quot;sans-serif&quot;;color:black\">\u010d <\/span><\/i><i><span lang=\"PL\" style=\"font-size:10.0pt;font-family:&quot;Calibri&quot;,&quot;sans-serif&quot;;color:black\">obavestio\ntrgovca o ostvarivanju prava na odustanak od ugovora<\/span><\/i><i><span lang=\"EN-US\" style=\"font-size:10.0pt;font-family:&quot;Calibri&quot;,&quot;sans-serif&quot;;\ncolor:black\">.<\/span><\/i><\/p>\n\n<p class=\"MsoNormal\" style=\"margin-left:36.0pt;background:white\"><i><span lang=\"PL\" style=\"font-size:10.0pt;font-family:&quot;Calibri&quot;,&quot;sans-serif&quot;;color:black\">Srazmerni\niznos koji potro<\/span><\/i><i><span lang=\"EN-US\" style=\"font-size:10.0pt;\nfont-family:&quot;Calibri&quot;,&quot;sans-serif&quot;;color:black\">\u0161<\/span><\/i><i><span lang=\"PL\" style=\"font-size:10.0pt;font-family:&quot;Calibri&quot;,&quot;sans-serif&quot;;color:black\">a<\/span><\/i><i><span lang=\"EN-US\" style=\"font-size:10.0pt;font-family:&quot;Calibri&quot;,&quot;sans-serif&quot;;\ncolor:black\">\u010d <\/span><\/i><i><span lang=\"PL\" style=\"font-size:10.0pt;font-family:\n&quot;Calibri&quot;,&quot;sans-serif&quot;;color:black\">treba da plati trgovcu obra<\/span><\/i><i><span lang=\"EN-US\" style=\"font-size:10.0pt;font-family:&quot;Calibri&quot;,&quot;sans-serif&quot;;\ncolor:black\">\u010d<\/span><\/i><i><span lang=\"PL\" style=\"font-size:10.0pt;font-family:\n&quot;Calibri&quot;,&quot;sans-serif&quot;;color:black\">unava se na osnovu prodajne cene dogovorene\nugovorom<\/span><\/i><i><span lang=\"EN-US\" style=\"font-size:10.0pt;font-family:\n&quot;Calibri&quot;,&quot;sans-serif&quot;;color:black\">, <\/span><\/i><i><span lang=\"PL\" style=\"font-size:10.0pt;font-family:&quot;Calibri&quot;,&quot;sans-serif&quot;;color:black\">koja ne\nmo<\/span><\/i><i><span lang=\"EN-US\" style=\"font-size:10.0pt;font-family:&quot;Calibri&quot;,&quot;sans-serif&quot;;\ncolor:black\">\u017e<\/span><\/i><i><span lang=\"PL\" style=\"font-size:10.0pt;font-family:\n&quot;Calibri&quot;,&quot;sans-serif&quot;;color:black\">e biti vi<\/span><\/i><i><span lang=\"EN-US\" style=\"font-size:10.0pt;font-family:&quot;Calibri&quot;,&quot;sans-serif&quot;;color:black\">\u0161<\/span><\/i><i><span lang=\"PL\" style=\"font-size:10.0pt;font-family:&quot;Calibri&quot;,&quot;sans-serif&quot;;color:black\">a\nod tr<\/span><\/i><i><span lang=\"EN-US\" style=\"font-size:10.0pt;font-family:&quot;Calibri&quot;,&quot;sans-serif&quot;;\ncolor:black\">\u017e<\/span><\/i><i><span lang=\"PL\" style=\"font-size:10.0pt;font-family:\n&quot;Calibri&quot;,&quot;sans-serif&quot;;color:black\">i<\/span><\/i><i><span lang=\"EN-US\" style=\"font-size:10.0pt;font-family:&quot;Calibri&quot;,&quot;sans-serif&quot;;color:black\">\u0161<\/span><\/i><i><span lang=\"PL\" style=\"font-size:10.0pt;font-family:&quot;Calibri&quot;,&quot;sans-serif&quot;;color:black\">ne\nvrednosti onoga<\/span><\/i><i><span lang=\"EN-US\" style=\"font-size:10.0pt;\nfont-family:&quot;Calibri&quot;,&quot;sans-serif&quot;;color:black\"> \u0161<\/span><\/i><i><span lang=\"PL\" style=\"font-size:10.0pt;font-family:&quot;Calibri&quot;,&quot;sans-serif&quot;;color:black\">to je\nbilo isporu<\/span><\/i><i><span lang=\"EN-US\" style=\"font-size:10.0pt;font-family:\n&quot;Calibri&quot;,&quot;sans-serif&quot;;color:black\">\u010d<\/span><\/i><i><span lang=\"PL\" style=\"font-size:10.0pt;font-family:&quot;Calibri&quot;,&quot;sans-serif&quot;;color:black\">eno<\/span><\/i><i><span lang=\"EN-US\" style=\"font-size:10.0pt;font-family:&quot;Calibri&quot;,&quot;sans-serif&quot;;\ncolor:black\">.<\/span><\/i><\/p>\n\n<p class=\"MsoNormal\" style=\"margin-left:36.0pt;background:white\"><i><span lang=\"EN-US\" style=\"font-size:10.0pt;font-family:&quot;Calibri&quot;,&quot;sans-serif&quot;;\ncolor:black\">InfoMedica \u0107e obra\u010dunati iznos koga potro\u0161a\u010d treba da plati,\nsrazmerno sa izvr\u0161enim uslugama do momenta <\/span><\/i><i><span lang=\"PL\" style=\"font-size:10.0pt;font-family:&quot;Calibri&quot;,&quot;sans-serif&quot;;color:black\">kada je\npotro<\/span><\/i><i><span lang=\"EN-US\" style=\"font-size:10.0pt;font-family:&quot;Calibri&quot;,&quot;sans-serif&quot;;\ncolor:black\">\u0161<\/span><\/i><i><span lang=\"PL\" style=\"font-size:10.0pt;font-family:\n&quot;Calibri&quot;,&quot;sans-serif&quot;;color:black\">a<\/span><\/i><i><span lang=\"EN-US\" style=\"font-size:10.0pt;font-family:&quot;Calibri&quot;,&quot;sans-serif&quot;;color:black\">\u010d <\/span><\/i><i><span lang=\"PL\" style=\"font-size:10.0pt;font-family:&quot;Calibri&quot;,&quot;sans-serif&quot;;color:black\">obavestio\ntrgovca o ostvarivanju prava na odustanak od ugovora<\/span><\/i><i><span lang=\"EN-US\" style=\"font-size:10.0pt;font-family:&quot;Calibri&quot;,&quot;sans-serif&quot;;\ncolor:black\">.<\/span><\/i><\/p>\n\n<p class=\"MsoNormal\" style=\"margin-left:36.0pt\"><span lang=\"EN-US\" style=\"font-family:&quot;Calibri&quot;,&quot;sans-serif&quot;;color:black\">&nbsp;<\/span><\/p>\n\n<p class=\"MsoNormal\" style=\"margin-left:36.0pt\"><b><span lang=\"PL\" style=\"font-family:&quot;Calibri&quot;,&quot;sans-serif&quot;;color:black\">Izjava o privatnosti\npodataka:<\/span><\/b><span lang=\"PL\" style=\"font-family:&quot;Calibri&quot;,&quot;sans-serif&quot;;\ncolor:black\"> <\/span><\/p>\n\n<p class=\"MsoNormal\" style=\"margin-top:0cm;margin-right:41.15pt;margin-bottom:\n0cm;margin-left:36.5pt;margin-bottom:.0001pt;text-align:justify;text-indent:\n-.5pt\"><i><span lang=\"PL\" style=\"font-size:10.0pt;font-family:&quot;Calibri&quot;,&quot;sans-serif&quot;;\ncolor:black\">Podaci o li\u010dnosti koje potro\u0161a\u010d daje u ovom obrascu slu\u017ee za\nevindetiranje izmena u prometu robe i InfoMedica doo ih ne\u0107e upotrebljavati u\ndruge svrhe. <\/span><\/i><\/p>\n\n<p class=\"MsoNormal\" style=\"margin-left:36.0pt;text-align:justify\"><span lang=\"PL\" style=\"font-family:&quot;Calibri&quot;,&quot;sans-serif&quot;;color:black\">&nbsp;<\/span><\/p>\n\n<p class=\"MsoNormal\" style=\"margin-left:36.0pt;text-align:justify\"><span lang=\"PL\" style=\"font-family:&quot;Calibri&quot;,&quot;sans-serif&quot;;color:black\">&nbsp;<\/span><\/p>\n\n<p class=\"MsoNormal\" style=\"margin-left:36.0pt;text-align:justify\"><span lang=\"PL\" style=\"font-family:&quot;Calibri&quot;,&quot;sans-serif&quot;;color:black\">&nbsp;<\/span><\/p>\n\n<p class=\"MsoNormal\" style=\"margin-top:0cm;margin-right:-.75pt;margin-bottom:\n0cm;margin-left:36.5pt;margin-bottom:.0001pt;text-align:justify;text-indent:\n-.5pt\"><span style=\"font-family:&quot;Calibri&quot;,&quot;sans-serif&quot;;color:black\">Potpis\nkupca <\/span><\/p>\n\n<p class=\"MsoNormal\" style=\"margin-top:0cm;margin-right:-.75pt;margin-bottom:\n0cm;margin-left:36.5pt;margin-bottom:.0001pt;text-align:justify;text-indent:\n-.5pt\"><span style=\"font-family:&quot;Calibri&quot;,&quot;sans-serif&quot;;color:black\">&nbsp;<\/span><\/p>\n\n<p class=\"MsoNormal\" style=\"margin-top:0cm;margin-right:-.75pt;margin-bottom:\n0cm;margin-left:36.5pt;margin-bottom:.0001pt;text-align:justify;text-indent:\n-.5pt\"><span style=\"font-family:&quot;Calibri&quot;,&quot;sans-serif&quot;;color:black\">________________<\/span><\/p>\n\n<p class=\"MsoNormal\" style=\"margin-left:36.0pt;text-align:justify\"><span style=\"font-family:&quot;Calibri&quot;,&quot;sans-serif&quot;;color:black\">&nbsp;<\/span><\/p>\n\n<p class=\"MsoNormal\" style=\"margin-left:36.0pt;text-align:justify\"><span style=\"font-family:&quot;Calibri&quot;,&quot;sans-serif&quot;;color:black\">&nbsp;<\/span><\/p>\n\n<p class=\"MsoNormal\" style=\"margin-left:36.0pt\"><span style=\"font-family:&quot;Calibri&quot;,&quot;sans-serif&quot;;\ncolor:black\">&nbsp;<\/span><\/p>\n\n<p class=\"MsoNormal\" style=\"margin-left:36.0pt\"><span lang=\"EN-US\" style=\"color:black\">&nbsp;<\/span><\/p>\n\n<\/div>\n\n\n\n\n","protected":false},"excerpt":{"rendered":"<p>IZJAVA O ODUSTANKU OD UGOVORA ZAKLJU\u010cENOG NA DALJINU &nbsp; U skladu sa Zakonom o za\u0161titi potro\u0161a\u010da obave\u0161tavam Vas da odustajem od ugovora o kupoprodaji zaklju\u010denog na daljinu, odnosno izvan poslovnih prostorija. &nbsp; Podaci o prodavcu: InfoMedica d.o.o. Paunova 57 11000 Beograd, Srbija imedis@sbb.rs &nbsp; Podaci o kupcu: (popunjava kupac, svi podaci su obavezni) &nbsp; BROJ [&#8230;]\n","protected":false},"author":2,"featured_media":0,"parent":0,"menu_order":0,"comment_status":"closed","ping_status":"closed","template":"","meta":{"footnotes":""},"class_list":["post-1259","page","type-page","status-publish","hentry"],"jetpack_sharing_enabled":true,"_links":{"self":[{"href":"https:\/\/www.sportico.rs\/index.php\/wp-json\/wp\/v2\/pages\/1259","targetHints":{"allow":["GET"]}}],"collection":[{"href":"https:\/\/www.sportico.rs\/index.php\/wp-json\/wp\/v2\/pages"}],"about":[{"href":"https:\/\/www.sportico.rs\/index.php\/wp-json\/wp\/v2\/types\/page"}],"author":[{"embeddable":true,"href":"https:\/\/www.sportico.rs\/index.php\/wp-json\/wp\/v2\/users\/2"}],"replies":[{"embeddable":true,"href":"https:\/\/www.sportico.rs\/index.php\/wp-json\/wp\/v2\/comments?post=1259"}],"version-history":[{"count":6,"href":"https:\/\/www.sportico.rs\/index.php\/wp-json\/wp\/v2\/pages\/1259\/revisions"}],"predecessor-version":[{"id":1272,"href":"https:\/\/www.sportico.rs\/index.php\/wp-json\/wp\/v2\/pages\/1259\/revisions\/1272"}],"wp:attachment":[{"href":"https:\/\/www.sportico.rs\/index.php\/wp-json\/wp\/v2\/media?parent=1259"}],"curies":[{"name":"wp","href":"https:\/\/api.w.org\/{rel}","templated":true}]}}