{"id":1205,"date":"2022-03-04T12:01:10","date_gmt":"2022-03-04T12:01:10","guid":{"rendered":"https:\/\/www.sportico.rs\/?page_id=1205"},"modified":"2022-03-04T21:03:21","modified_gmt":"2022-03-04T21:03:21","slug":"nacin-placanja","status":"publish","type":"page","link":"https:\/\/www.sportico.rs\/index.php\/nacin-placanja\/","title":{"rendered":"Na\u010din pla\u0107anja"},"content":{"rendered":"\n<body>\n\n<blockquote>\n  <p class=\"MsoNormal\" style=\"line-height: 100%; margin-bottom: 0pt\">&nbsp;<\/p>\n  <p class=\"MsoNormal\" style=\"line-height: 100%; margin-bottom: 0pt\"><b>\n  <span style=\"font-family: Calibri\"><font size=\"4\">NA&#268;INI PLA&#262;ANJA<\/font><\/span><\/b><\/p>\n  <p class=\"MsoNormal\" style=\"line-height: 100%; margin-bottom: 0pt\">\n  <span style=\"font-family:Calibri\">&nbsp;<\/span><\/p>\n  <p class=\"MsoNormal\" style=\"line-height: 100%; margin-bottom: 0pt\">&nbsp;<\/p>\n  <p class=\"MsoNormal\" style=\"line-height: 100%; margin-bottom: 0pt\"><b>\n  <span style=\"font-family:Calibri\"><font size=\"3\">1. Online pla&#263;anje platnim \n  karticama<\/font><\/span><\/b><\/p>\n  <p class=\"MsoNormal\" style=\"line-height: 100%; margin-bottom: 0pt\">\n  <span style=\"font-family:Calibri\"><font size=\"3\">&nbsp;<\/font><\/span><\/p>\n  <p class=\"MsoNormal\" style=\"line-height: 100%; margin-bottom: 0pt\">\n  <span style=\"font-family:Calibri\"><font size=\"3\">Uplatu pretplate preko \n  aplikacije Sportico mo\u017eete obaviti VISA, MasterCard ili DinaCard platnom \n  karticom koja podr\u017eava pla&#263;anje preko interneta. Pla&#263;anje je mogu&#263;e vr\u0161iti \n  debitnim i kreditnim karticama. Pla&#263;anje karticama je realizovano u saradnji \n  sa Komercijalnom bankom a.d. Beograd i obavlja se na bezbedan i sertifikovan \n  na&#269;in preko NestPay, jednostavnim unosom podataka sa platne kartice.<\/font><\/span><\/p>\n  <p class=\"MsoNormal\" style=\"line-height: 100%; margin-bottom: 0pt\">\n  <span style=\"font-family:Calibri\"><font size=\"3\">Proverite u Va\u0161oj banci da li \n  kartica koja Vam je izdata podr\u017eava pla&#263;anje preko interneta.<\/font><\/span><\/p>\n  <p class=\"MsoNormal\" style=\"line-height: 100%; margin-bottom: 0pt\">\n  <span style=\"font-family:Calibri\"><font size=\"3\">&nbsp;<\/font><\/span><\/p>\n  <p class=\"MsoNormal\" style=\"line-height: 100%; margin-bottom: 0pt\">\n  <span style=\"font-family:Calibri\"><font size=\"3\">Nakon \u0161to se unesu podaci o \n  kartici i potvrdi pla&#263;anje, banka autorizuje transakciju i time je zahtev za \n  pla&#263;anje odobren i ulazi u dalji proces pripreme aktivacije usluge. Iznos &#263;e \n  biti rezervisan na va\u0161oj kartici (ra&#269;unu) i ne&#263;e Vam biti raspolo\u017eiv za drugu \n  namenu.<\/font><\/span><\/p>\n  <p class=\"MsoNormal\" style=\"line-height: 100%; margin-bottom: 0pt\">\n  <span style=\"font-family:Calibri\"><font size=\"3\">&nbsp;<\/font><\/span><\/p>\n  <p class=\"MsoNormal\" style=\"line-height: 100%; margin-bottom: 0pt\">\n  <span style=\"font-family:Calibri\"><font size=\"3\">Po prijemu va\u0161eg zahteva, \n  dobi&#263;ete elektronskim putem na registrovanu e-mail adresu automatsko \n  obave\u0161tenje sa potvrdom da je usluga aktivirana, kao i osnovne podatke o \n  transakciji. Ukoliko pla&#263;anje nije uspelo dobi&#263;ete automatsko obave\u0161tenje o \n  neuspeloj transakciji i mo&#263;i &#263;ete da ponovite pla&#263;anje.<\/font><\/span><\/p>\n  <p class=\"MsoNormal\" style=\"line-height: 100%; margin-bottom: 0pt\">\n  <span style=\"font-family:Calibri\"><font size=\"3\">&nbsp;<\/font><\/span><\/p>\n  <p class=\"MsoNormal\" style=\"line-height: 100%; margin-bottom: 0pt\">\n  <span style=\"font-family:Calibri\"><font size=\"3\">Sva pla&#263;anja ce biti \n  obavljena u dinarima (RSD). Ukoliko se pla&#263;a platnim karticama inostranih \n  Banaka izdavalaca, dinarski iznos transakcije &#263;e biti konvertovan u settlement \n  valutu Banke (EUR) prema kursu Narodne Banke Srbije. Pri zadu\u017eivanju Va\u0161e \n  platne kartice, ve&#263; konvertovan iznos ce se konvertovati u Vasu lokalnu \n  valutu, prema kursu koji primenjuju operatori platnih kartica. <\/font><\/span>\n  <\/p>\n  <p class=\"MsoNormal\" style=\"line-height: 100%; margin-bottom: 0pt\">\n  <span style=\"font-family:Calibri\"><font size=\"3\">&nbsp;<\/font><\/span><\/p>\n  <p class=\"MsoNormal\" style=\"line-height: 100%; margin-bottom: 0pt\"><b>\n  <span style=\"font-family:Calibri\"><font size=\"3\">2. Pla&#263;anje uplatnicom ili \n  virmanom<\/font><\/span><\/b><\/p>\n  <p class=\"MsoNormal\" style=\"line-height: 100%; margin-bottom: 0pt\">\n  <span style=\"font-family:Calibri\"><font size=\"3\">&nbsp;<\/font><\/span><\/p>\n  <p class=\"MsoNormal\" style=\"line-height: 100%; margin-bottom: 0pt\">\n  <span style=\"font-family:Calibri\"><font size=\"3\">Svoju porud\u017ebinu mo\u017eete \n  platiti direktnom uplatom na ra&#269;un InfoMedica d.o.o.. Potrebno je navesti \n  odgovaraju&#263;i poziv na broj, koji se automatski generi\u0161e prilikom naru&#269;ivanja.&nbsp;<\/font><\/span><\/p>\n  <p class=\"MsoNormal\" style=\"line-height: 100%; margin-bottom: 0pt\">\n  <span style=\"font-family:Calibri\"><font size=\"3\">Po evidentiranju uplate, \n  usluga &#263;e biti aktivirana.<\/font><\/span><\/p>\n  <p class=\"MsoNormal\" style=\"line-height: 100%; margin-bottom: 0pt\">\n  <span style=\"font-family:Calibri\"><font size=\"3\">&nbsp;<\/font><\/span><\/p>\n  <p class=\"MsoNormal\" style=\"line-height: 100%; margin-bottom: 0pt\"><b>\n  <span style=\"font-family:Calibri\"><font size=\"2\">Napomene:<\/font><\/span><\/b><\/p>\n  <p class=\"MsoNormal\" style=\"line-height: 100%; margin-bottom: 0pt\">\n  <span style=\"font-family:Calibri\"><font size=\"2\">&nbsp;* Prilikom kreiranja \n  instrukcije za pla&#263;anje, prikazane cene va\u017ee 7 dana. Nakon isteka tog perioda, \n  cene nisu va\u017ee&#263;e i potrebno je ponoviti postupak kreiranja instrukcije. <\/font>\n  <\/span><\/p>\n<\/blockquote>\n\n<\/body>\n\n\n","protected":false},"excerpt":{"rendered":"<p>&nbsp; NA&#268;INI PLA&#262;ANJA &nbsp; &nbsp; 1. Online pla&#263;anje platnim karticama &nbsp; Uplatu pretplate preko aplikacije Sportico mo\u017eete obaviti VISA, MasterCard ili DinaCard platnom karticom koja podr\u017eava pla&#263;anje preko interneta. Pla&#263;anje je mogu&#263;e vr\u0161iti debitnim i kreditnim karticama. Pla&#263;anje karticama je realizovano u saradnji sa Komercijalnom bankom a.d. Beograd i obavlja se na bezbedan i sertifikovan [&#8230;]\n","protected":false},"author":1,"featured_media":0,"parent":0,"menu_order":0,"comment_status":"closed","ping_status":"closed","template":"page-blank.php","meta":{"footnotes":""},"class_list":["post-1205","page","type-page","status-publish","hentry"],"jetpack_sharing_enabled":true,"_links":{"self":[{"href":"https:\/\/www.sportico.rs\/index.php\/wp-json\/wp\/v2\/pages\/1205","targetHints":{"allow":["GET"]}}],"collection":[{"href":"https:\/\/www.sportico.rs\/index.php\/wp-json\/wp\/v2\/pages"}],"about":[{"href":"https:\/\/www.sportico.rs\/index.php\/wp-json\/wp\/v2\/types\/page"}],"author":[{"embeddable":true,"href":"https:\/\/www.sportico.rs\/index.php\/wp-json\/wp\/v2\/users\/1"}],"replies":[{"embeddable":true,"href":"https:\/\/www.sportico.rs\/index.php\/wp-json\/wp\/v2\/comments?post=1205"}],"version-history":[{"count":2,"href":"https:\/\/www.sportico.rs\/index.php\/wp-json\/wp\/v2\/pages\/1205\/revisions"}],"predecessor-version":[{"id":1242,"href":"https:\/\/www.sportico.rs\/index.php\/wp-json\/wp\/v2\/pages\/1205\/revisions\/1242"}],"wp:attachment":[{"href":"https:\/\/www.sportico.rs\/index.php\/wp-json\/wp\/v2\/media?parent=1205"}],"curies":[{"name":"wp","href":"https:\/\/api.w.org\/{rel}","templated":true}]}}